{"id":955,"date":"2023-11-13T11:35:45","date_gmt":"2023-11-13T11:35:45","guid":{"rendered":"https:\/\/chsld-chateausurlelac.com\/?page_id=955"},"modified":"2025-02-24T11:59:42","modified_gmt":"2025-02-24T16:59:42","slug":"home","status":"publish","type":"page","link":"https:\/\/chsld-chateausurlelac.com\/fr\/","title":{"rendered":"Homepage"},"content":{"rendered":"<div data-elementor-type=\"wp-page\" data-elementor-id=\"955\" class=\"elementor elementor-955\">\n\t\t\t\t<div class=\"elementor-element elementor-element-eeb458c e-con-full e-flex e-con e-parent\" data-id=\"eeb458c\" data-element_type=\"container\" data-settings=\"{&quot;background_background&quot;:&quot;slideshow&quot;,&quot;background_slideshow_slide_duration&quot;:3000,&quot;background_slideshow_gallery&quot;:[],&quot;background_slideshow_loop&quot;:&quot;yes&quot;,&quot;background_slideshow_slide_transition&quot;:&quot;fade&quot;,&quot;background_slideshow_transition_duration&quot;:500}\" data-core-v316-plus=\"true\">\n\t\t\t\t<div class=\"elementor-element elementor-element-5434b7f elementor-widget elementor-widget-image\" data-id=\"5434b7f\" data-element_type=\"widget\" data-widget_type=\"image.default\">\n\t\t\t\t<div class=\"elementor-widget-container\">\n\t\t\t\t\t\t\t\t\t\t\t\t\t<img fetchpriority=\"high\" decoding=\"async\" width=\"1905\" height=\"612\" src=\"https:\/\/chsld-chateausurlelac.com\/wp-content\/uploads\/2023\/11\/WELCOME-TO-THE-CHATEAU-SUR-LE-LAC.png\" class=\"attachment-2048x2048 size-2048x2048 wp-image-86\" alt=\"\" srcset=\"https:\/\/chsld-chateausurlelac.com\/wp-content\/uploads\/2023\/11\/WELCOME-TO-THE-CHATEAU-SUR-LE-LAC.png 1905w, https:\/\/chsld-chateausurlelac.com\/wp-content\/uploads\/2023\/11\/WELCOME-TO-THE-CHATEAU-SUR-LE-LAC-300x96.png 300w, https:\/\/chsld-chateausurlelac.com\/wp-content\/uploads\/2023\/11\/WELCOME-TO-THE-CHATEAU-SUR-LE-LAC-1024x329.png 1024w, https:\/\/chsld-chateausurlelac.com\/wp-content\/uploads\/2023\/11\/WELCOME-TO-THE-CHATEAU-SUR-LE-LAC-768x247.png 768w, https:\/\/chsld-chateausurlelac.com\/wp-content\/uploads\/2023\/11\/WELCOME-TO-THE-CHATEAU-SUR-LE-LAC-1536x493.png 1536w, https:\/\/chsld-chateausurlelac.com\/wp-content\/uploads\/2023\/11\/WELCOME-TO-THE-CHATEAU-SUR-LE-LAC-18x6.png 18w, https:\/\/chsld-chateausurlelac.com\/wp-content\/uploads\/2023\/11\/WELCOME-TO-THE-CHATEAU-SUR-LE-LAC-600x193.png 600w\" sizes=\"(max-width: 1905px) 100vw, 1905px\" \/>\t\t\t\t\t\t\t\t\t\t\t\t\t<\/div>\n\t\t\t\t<\/div>\n\t\t\t\t<\/div>\n\t\t<div class=\"elementor-element elementor-element-e9932ca e-flex e-con-boxed e-con e-parent\" data-id=\"e9932ca\" data-element_type=\"container\" data-core-v316-plus=\"true\">\n\t\t\t\t\t<div class=\"e-con-inner\">\n\t\t<div class=\"elementor-element elementor-element-c5dfe28 e-flex e-con-boxed e-con e-child\" data-id=\"c5dfe28\" data-element_type=\"container\">\n\t\t\t\t\t<div class=\"e-con-inner\">\n\t\t\t\t<div class=\"elementor-element elementor-element-7efde1a elementor-widget elementor-widget-heading\" data-id=\"7efde1a\" data-element_type=\"widget\" data-widget_type=\"heading.default\">\n\t\t\t\t<div class=\"elementor-widget-container\">\n\t\t\t<h2 class=\"elementor-heading-title elementor-size-default\">La compassion est au coeur de nos soins<\/h2>\t\t<\/div>\n\t\t\t\t<\/div>\n\t\t\t\t\t<\/div>\n\t\t\t\t<\/div>\n\t\t\t\t\t<\/div>\n\t\t\t\t<\/div>\n\t\t<div class=\"elementor-element elementor-element-7b9fd18 e-flex e-con-boxed e-con e-parent\" data-id=\"7b9fd18\" data-element_type=\"container\" data-core-v316-plus=\"true\">\n\t\t\t\t\t<div class=\"e-con-inner\">\n\t\t<div class=\"elementor-element elementor-element-272a3b4 e-flex e-con-boxed e-con e-child\" data-id=\"272a3b4\" data-element_type=\"container\">\n\t\t\t\t\t<div class=\"e-con-inner\">\n\t\t\t\t<div class=\"elementor-element elementor-element-d183141 elementor-widget elementor-widget-heading\" data-id=\"d183141\" data-element_type=\"widget\" data-widget_type=\"heading.default\">\n\t\t\t\t<div class=\"elementor-widget-container\">\n\t\t\t<h2 class=\"elementor-heading-title elementor-size-default\">Notre mission a \u00e9t\u00e9 de promouvoir le bien-\u00eatre, l'autonomie et une vie \u00e9panouissante pour chaque individu de notre communaut\u00e9. Notre d\u00e9vouement in\u00e9branlable consiste \u00e0 fournir un soutien exceptionnel et personnalis\u00e9 \u00e0 nos r\u00e9sidents de courte et de longue dur\u00e9e et \u00e0 leurs familles. En mettant l'accent sur la flexibilit\u00e9 et l'accommodement, nous nous effor\u00e7ons de garantir \u00e0 nos r\u00e9sidents des soins de premier ordre tout en pr\u00e9servant leur plus grande ind\u00e9pendance.<\/h2>\t\t<\/div>\n\t\t\t\t<\/div>\n\t\t\t\t\t<\/div>\n\t\t\t\t<\/div>\n\t\t\t\t\t<\/div>\n\t\t\t\t<\/div>\n\t\t<div class=\"elementor-element elementor-element-c87386d e-con-full e-flex e-con e-parent\" data-id=\"c87386d\" data-element_type=\"container\" data-core-v316-plus=\"true\">\n\t\t<div class=\"elementor-element elementor-element-820c98b e-flex e-con-boxed e-con e-child\" data-id=\"820c98b\" data-element_type=\"container\" data-settings=\"{&quot;background_background&quot;:&quot;classic&quot;}\">\n\t\t\t\t\t<div class=\"e-con-inner\">\n\t\t\t\t<div class=\"elementor-element elementor-element-ef1624f elementor-widget__width-initial elementor-widget-mobile__width-inherit   elementor-widget elementor-widget-text-editor\" data-id=\"ef1624f\" data-element_type=\"widget\" data-widget_type=\"text-editor.default\">\n\t\t\t\t<div class=\"elementor-widget-container\">\n\t\t\t\t\t\t\t<h2 class=\"elementor-heading-title elementor-size-default elementor-inline-editing pen\" style=\"text-align: center;\" contenteditable=\"true\" data-elementor-setting-key=\"title\" data-pen-placeholder=\"Type Here...\">Certifications et associations\u200b<\/h2>\t\t\t\t\t\t<\/div>\n\t\t\t\t<\/div>\n\t\t\t\t\t<\/div>\n\t\t\t\t<\/div>\n\t\t\t\t<\/div>\n\t\t<div class=\"elementor-element elementor-element-cf37774 e-flex e-con-boxed e-con e-parent\" data-id=\"cf37774\" data-element_type=\"container\" data-core-v316-plus=\"true\">\n\t\t\t\t\t<div class=\"e-con-inner\">\n\t\t<div class=\"elementor-element elementor-element-ef79834 e-flex e-con-boxed e-con e-child\" data-id=\"ef79834\" data-element_type=\"container\">\n\t\t\t\t\t<div class=\"e-con-inner\">\n\t\t<div class=\"elementor-element elementor-element-db9b2f6 e-con-full e-flex e-con e-child\" data-id=\"db9b2f6\" data-element_type=\"container\">\n\t\t\t\t<div class=\"elementor-element elementor-element-21a2002 elementor-widget__width-inherit elementor-widget-mobile__width-inherit   elementor-widget elementor-widget-text-editor\" data-id=\"21a2002\" data-element_type=\"widget\" data-widget_type=\"text-editor.default\">\n\t\t\t\t<div class=\"elementor-widget-container\">\n\t\t\t\t\t\t\t<p><span style=\"color: #000000;\"><b>L'Association des \u00e9tablissements priv\u00e9s de longue dur\u00e9e du Qu\u00e9bec (AELDPQ)<\/b> repr\u00e9sente les propri\u00e9taires et gestionnaires de la majorit\u00e9 des 40 CHSLD priv\u00e9s non conventionn\u00e9s (PNC) qui sont r\u00e9partis dans sept r\u00e9gions administratives du Qu\u00e9bec.<\/span><\/p>\t\t\t\t\t\t<\/div>\n\t\t\t\t<\/div>\n\t\t\t\t<\/div>\n\t\t<div class=\"elementor-element elementor-element-76d0a31 e-con-full e-flex e-con e-child\" data-id=\"76d0a31\" data-element_type=\"container\">\n\t\t\t\t<div class=\"elementor-element elementor-element-5ce0fe1 elementor-widget elementor-widget-image\" data-id=\"5ce0fe1\" data-element_type=\"widget\" data-widget_type=\"image.default\">\n\t\t\t\t<div class=\"elementor-widget-container\">\n\t\t\t\t\t\t\t\t\t\t\t\t\t\t<a href=\"https:\/\/www.google.com\/url?sa=t&#038;rct=j&#038;q=&#038;esrc=s&#038;source=web&#038;cd=&#038;cad=rja&#038;uact=8&#038;ved=2ahUKEwibhNy9-diAAxWC3TgGHQ1cASsQFnoECBUQAQ&#038;url=https%3A%2F%2Faeldpq.com%2F&#038;usg=AOvVaw2PJhQ6jceX1QgcQDlm3H-N&#038;opi=89978449\" target=\"_blank\">\n\t\t\t\t\t\t\t<img decoding=\"async\" width=\"300\" height=\"170\" src=\"https:\/\/chsld-chateausurlelac.com\/wp-content\/uploads\/2023\/07\/Untitled-design-4-300x170.png\" class=\"attachment-medium size-medium wp-image-337\" alt=\"\" srcset=\"https:\/\/chsld-chateausurlelac.com\/wp-content\/uploads\/2023\/07\/Untitled-design-4-300x170.png 300w, https:\/\/chsld-chateausurlelac.com\/wp-content\/uploads\/2023\/07\/Untitled-design-4-600x340.png 600w, https:\/\/chsld-chateausurlelac.com\/wp-content\/uploads\/2023\/07\/Untitled-design-4.png 703w\" sizes=\"(max-width: 300px) 100vw, 300px\" \/>\t\t\t\t\t\t\t\t<\/a>\n\t\t\t\t\t\t\t\t\t\t\t\t\t<\/div>\n\t\t\t\t<\/div>\n\t\t\t\t<\/div>\n\t\t\t\t\t<\/div>\n\t\t\t\t<\/div>\n\t\t\t\t\t<\/div>\n\t\t\t\t<\/div>\n\t\t<div class=\"elementor-element elementor-element-1123107 e-flex e-con-boxed e-con e-parent\" data-id=\"1123107\" data-element_type=\"container\" data-core-v316-plus=\"true\">\n\t\t\t\t\t<div class=\"e-con-inner\">\n\t\t<div class=\"elementor-element elementor-element-f316a33 e-flex e-con-boxed e-con e-child\" data-id=\"f316a33\" data-element_type=\"container\">\n\t\t\t\t\t<div class=\"e-con-inner\">\n\t\t<div class=\"elementor-element elementor-element-e762ec3 e-con-full e-flex e-con e-child\" data-id=\"e762ec3\" data-element_type=\"container\">\n\t\t\t\t<div class=\"elementor-element elementor-element-ddaa059 elementor-widget__width-inherit elementor-widget-mobile__width-inherit   elementor-widget elementor-widget-text-editor\" data-id=\"ddaa059\" data-element_type=\"widget\" data-widget_type=\"text-editor.default\">\n\t\t\t\t<div class=\"elementor-widget-container\">\n\t\t\t\t\t\t\t<p><span style=\"color: #000000;\"><b>Agr\u00e9ment Canada\u00a0<\/b>offre une large gamme de programmes d'\u00e9valuation \u00e0 fort impact pour les organismes de sant\u00e9 et de services sociaux, propuls\u00e9s par HSO et adapt\u00e9s aux besoins locaux.<\/span><\/p>\t\t\t\t\t\t<\/div>\n\t\t\t\t<\/div>\n\t\t\t\t<\/div>\n\t\t<div class=\"elementor-element elementor-element-9b49654 e-con-full e-flex e-con e-child\" data-id=\"9b49654\" data-element_type=\"container\">\n\t\t\t\t<div class=\"elementor-element elementor-element-bf9d5ff elementor-widget elementor-widget-image\" data-id=\"bf9d5ff\" data-element_type=\"widget\" data-widget_type=\"image.default\">\n\t\t\t\t<div class=\"elementor-widget-container\">\n\t\t\t\t\t\t\t\t\t\t\t\t\t\t<a href=\"https:\/\/www.google.com\/url?sa=t&#038;rct=j&#038;q=&#038;esrc=s&#038;source=web&#038;cd=&#038;cad=rja&#038;uact=8&#038;ved=2ahUKEwja3uHP-diAAxUizDgGHVNoAyoQFnoECAYQAQ&#038;url=https%3A%2F%2Faccreditation.ca%2F&#038;usg=AOvVaw28D_T6f5NyxfHi3IiqDCLi&#038;opi=89978449\" target=\"_blank\">\n\t\t\t\t\t\t\t<img decoding=\"async\" width=\"300\" height=\"170\" src=\"https:\/\/chsld-chateausurlelac.com\/wp-content\/uploads\/2023\/07\/Untitled-design-5-300x170.png\" class=\"attachment-medium size-medium wp-image-338\" alt=\"\" srcset=\"https:\/\/chsld-chateausurlelac.com\/wp-content\/uploads\/2023\/07\/Untitled-design-5-300x170.png 300w, https:\/\/chsld-chateausurlelac.com\/wp-content\/uploads\/2023\/07\/Untitled-design-5-600x340.png 600w, https:\/\/chsld-chateausurlelac.com\/wp-content\/uploads\/2023\/07\/Untitled-design-5.png 703w\" sizes=\"(max-width: 300px) 100vw, 300px\" \/>\t\t\t\t\t\t\t\t<\/a>\n\t\t\t\t\t\t\t\t\t\t\t\t\t<\/div>\n\t\t\t\t<\/div>\n\t\t\t\t<\/div>\n\t\t\t\t\t<\/div>\n\t\t\t\t<\/div>\n\t\t\t\t\t<\/div>\n\t\t\t\t<\/div>\n\t\t\t\t<\/div>","protected":false},"excerpt":{"rendered":"<p>Compassion is at the heart of our care\u200b Our mission has been to promote well-being, self-reliance, and a fulfilling life for every individual in our community. Our unwavering dedication lies in delivering exceptional and tailored support to both our short-term and long-term residents and their families. With a focus on flexibility and accommodation, we strive [&hellip;]<\/p>","protected":false},"author":2,"featured_media":0,"parent":0,"menu_order":0,"comment_status":"closed","ping_status":"closed","template":"elementor_header_footer","meta":{"inline_featured_image":false,"two_page_speed":[],"footnotes":""},"class_list":["post-955","page","type-page","status-publish","hentry"],"_links":{"self":[{"href":"https:\/\/chsld-chateausurlelac.com\/fr\/wp-json\/wp\/v2\/pages\/955","targetHints":{"allow":["GET"]}}],"collection":[{"href":"https:\/\/chsld-chateausurlelac.com\/fr\/wp-json\/wp\/v2\/pages"}],"about":[{"href":"https:\/\/chsld-chateausurlelac.com\/fr\/wp-json\/wp\/v2\/types\/page"}],"author":[{"embeddable":true,"href":"https:\/\/chsld-chateausurlelac.com\/fr\/wp-json\/wp\/v2\/users\/2"}],"replies":[{"embeddable":true,"href":"https:\/\/chsld-chateausurlelac.com\/fr\/wp-json\/wp\/v2\/comments?post=955"}],"version-history":[{"count":0,"href":"https:\/\/chsld-chateausurlelac.com\/fr\/wp-json\/wp\/v2\/pages\/955\/revisions"}],"wp:attachment":[{"href":"https:\/\/chsld-chateausurlelac.com\/fr\/wp-json\/wp\/v2\/media?parent=955"}],"curies":[{"name":"wp","href":"https:\/\/api.w.org\/{rel}","templated":true}]}}