{"id":198,"date":"2023-07-23T07:27:41","date_gmt":"2023-07-23T07:27:41","guid":{"rendered":"https:\/\/chsld-chateausurlelac.com\/?page_id=198"},"modified":"2023-11-13T10:33:59","modified_gmt":"2023-11-13T10:33:59","slug":"about-us","status":"publish","type":"page","link":"https:\/\/chsld-chateausurlelac.com\/fr\/about-us\/","title":{"rendered":"About Us"},"content":{"rendered":"<div data-elementor-type=\"wp-post\" data-elementor-id=\"198\" class=\"elementor elementor-198\">\n\t\t\t\t<div class=\"elementor-element elementor-element-a995258 e-con-full e-flex e-con e-parent\" data-id=\"a995258\" data-element_type=\"container\" data-settings=\"{&quot;background_background&quot;:&quot;slideshow&quot;,&quot;background_slideshow_slide_duration&quot;:3000,&quot;background_slideshow_gallery&quot;:[],&quot;background_slideshow_loop&quot;:&quot;yes&quot;,&quot;background_slideshow_slide_transition&quot;:&quot;fade&quot;,&quot;background_slideshow_transition_duration&quot;:500}\" data-core-v316-plus=\"true\">\n\t\t\t\t<div class=\"elementor-element elementor-element-848cce2 elementor-widget elementor-widget-image\" data-id=\"848cce2\" data-element_type=\"widget\" data-widget_type=\"image.default\">\n\t\t\t\t<div class=\"elementor-widget-container\">\n\t\t\t\t\t\t\t\t\t\t\t\t\t<img fetchpriority=\"high\" decoding=\"async\" width=\"1905\" height=\"612\" src=\"https:\/\/chsld-chateausurlelac.com\/wp-content\/uploads\/2023\/11\/WELCOME-TO-THE-CHATEAU-SUR-LE-LAC.png\" class=\"attachment-2048x2048 size-2048x2048 wp-image-86\" alt=\"\" srcset=\"https:\/\/chsld-chateausurlelac.com\/wp-content\/uploads\/2023\/11\/WELCOME-TO-THE-CHATEAU-SUR-LE-LAC.png 1905w, https:\/\/chsld-chateausurlelac.com\/wp-content\/uploads\/2023\/11\/WELCOME-TO-THE-CHATEAU-SUR-LE-LAC-300x96.png 300w, https:\/\/chsld-chateausurlelac.com\/wp-content\/uploads\/2023\/11\/WELCOME-TO-THE-CHATEAU-SUR-LE-LAC-1024x329.png 1024w, https:\/\/chsld-chateausurlelac.com\/wp-content\/uploads\/2023\/11\/WELCOME-TO-THE-CHATEAU-SUR-LE-LAC-768x247.png 768w, https:\/\/chsld-chateausurlelac.com\/wp-content\/uploads\/2023\/11\/WELCOME-TO-THE-CHATEAU-SUR-LE-LAC-1536x493.png 1536w, https:\/\/chsld-chateausurlelac.com\/wp-content\/uploads\/2023\/11\/WELCOME-TO-THE-CHATEAU-SUR-LE-LAC-18x6.png 18w, https:\/\/chsld-chateausurlelac.com\/wp-content\/uploads\/2023\/11\/WELCOME-TO-THE-CHATEAU-SUR-LE-LAC-600x193.png 600w\" sizes=\"(max-width: 1905px) 100vw, 1905px\" \/>\t\t\t\t\t\t\t\t\t\t\t\t\t<\/div>\n\t\t\t\t<\/div>\n\t\t\t\t<\/div>\n\t\t<div class=\"elementor-element elementor-element-0fb077f e-flex e-con-boxed e-con e-parent\" data-id=\"0fb077f\" data-element_type=\"container\" data-core-v316-plus=\"true\">\n\t\t\t\t\t<div class=\"e-con-inner\">\n\t\t\t\t<div class=\"elementor-element elementor-element-0fe7866 elementor-widget__width-inherit elementor-widget-mobile__width-inherit   elementor-widget elementor-widget-heading\" data-id=\"0fe7866\" data-element_type=\"widget\" data-widget_type=\"heading.default\">\n\t\t\t\t<div class=\"elementor-widget-container\">\n\t\t\t<h2 class=\"elementor-heading-title elementor-size-default\">NOTRE MISSION<\/h2>\t\t<\/div>\n\t\t\t\t<\/div>\n\t\t\t\t\t<\/div>\n\t\t\t\t<\/div>\n\t\t<div class=\"elementor-element elementor-element-9c6ccbe e-flex e-con-boxed e-con e-parent\" data-id=\"9c6ccbe\" data-element_type=\"container\" data-core-v316-plus=\"true\">\n\t\t\t\t\t<div class=\"e-con-inner\">\n\t\t\t\t<div class=\"elementor-element elementor-element-c11bc35 elementor-invisible elementor-widget elementor-widget-image\" data-id=\"c11bc35\" data-element_type=\"widget\" data-settings=\"{&quot;_animation&quot;:&quot;slideInLeft&quot;}\" data-widget_type=\"image.default\">\n\t\t\t\t<div class=\"elementor-widget-container\">\n\t\t\t\t\t\t\t\t\t\t\t\t\t<img decoding=\"async\" width=\"640\" height=\"480\" src=\"https:\/\/chsld-chateausurlelac.com\/wp-content\/uploads\/2023\/07\/Image-3-1-1024x768.jpeg\" class=\"attachment-large size-large wp-image-228\" alt=\"\" srcset=\"https:\/\/chsld-chateausurlelac.com\/wp-content\/uploads\/2023\/07\/Image-3-1-1024x768.jpeg 1024w, https:\/\/chsld-chateausurlelac.com\/wp-content\/uploads\/2023\/07\/Image-3-1-300x225.jpeg 300w, https:\/\/chsld-chateausurlelac.com\/wp-content\/uploads\/2023\/07\/Image-3-1-768x576.jpeg 768w, https:\/\/chsld-chateausurlelac.com\/wp-content\/uploads\/2023\/07\/Image-3-1-1536x1152.jpeg 1536w, https:\/\/chsld-chateausurlelac.com\/wp-content\/uploads\/2023\/07\/Image-3-1-2048x1536.jpeg 2048w, https:\/\/chsld-chateausurlelac.com\/wp-content\/uploads\/2023\/07\/Image-3-1-600x450.jpeg 600w\" sizes=\"(max-width: 640px) 100vw, 640px\" \/>\t\t\t\t\t\t\t\t\t\t\t\t\t<\/div>\n\t\t\t\t<\/div>\n\t\t\t\t<div class=\"elementor-element elementor-element-uumqu5rk elementor-widget__width-inherit elementor-widget-mobile__width-inherit   elementor-invisible elementor-widget elementor-widget-text-editor\" data-id=\"uumqu5rk\" data-element_type=\"widget\" data-settings=\"{&quot;_animation&quot;:&quot;slideInRight&quot;}\" data-widget_type=\"text-editor.default\">\n\t\t\t\t<div class=\"elementor-widget-container\">\n\t\t\t\t\t\t\t<p style=\"text-align: left;\">Ch\u00e2teau sur le Lac est un centre d\u2019h\u00e9bergement et de soins de longue dur\u00e9e.  Il dispense des soins et des services en fran\u00e7ais et en anglais aux r\u00e9sidents ayant un profil g\u00e9riatrique ou touch\u00e9s par des probl\u00e8mes li\u00e9s au vieillissement, que ce soit physique ou cognitif.  Ces soins et services sont conformes aux orientations minist\u00e9rielles concernant un \u2018milieu de vie de qualit\u00e9 pour les personnes h\u00e9berg\u00e9es en CHSLD\u2019.<b>milieu de vie de qualit\u00e9 pour les personnes vivant en CHSLD<\/b>&#8220;.<\/p><p style=\"text-align: left;\">\u00a0<\/p><p style=\"text-align: left;\"><strong>CHSLD<\/strong>Il s\u2019agit principalement d\u2019une client\u00e8le h\u00e9berg\u00e9e dont l\u2019\u00e9tat physique et\/ou cognitive n\u00e9cessite un milieu encadr\u00e9. \u00c0 cette fin, et de fa\u00e7on personnalis\u00e9e, Ch\u00e2teau sur le Lac offre, \u00e0 l\u2019interne, en plus du g\u00eete et du couvert, des services m\u00e9dicaux, sociaux, infirmiers, pharmaceutiques, di\u00e9t\u00e9tiques, d\u2019assistance, de r\u00e9adaptation, de loisirs et de pastorale.<\/p>\t\t\t\t\t\t<\/div>\n\t\t\t\t<\/div>\n\t\t\t\t\t<\/div>\n\t\t\t\t<\/div>\n\t\t<div class=\"elementor-element elementor-element-57f6692 e-flex e-con-boxed e-con e-parent\" data-id=\"57f6692\" data-element_type=\"container\" data-core-v316-plus=\"true\">\n\t\t\t\t\t<div class=\"e-con-inner\">\n\t\t\t\t<div class=\"elementor-element elementor-element-435e823 elementor-widget__width-inherit elementor-widget-mobile__width-inherit   elementor-widget elementor-widget-heading\" data-id=\"435e823\" data-element_type=\"widget\" data-widget_type=\"heading.default\">\n\t\t\t\t<div class=\"elementor-widget-container\">\n\t\t\t<h2 class=\"elementor-heading-title elementor-size-default\">NOTRE VISION<\/h2>\t\t<\/div>\n\t\t\t\t<\/div>\n\t\t\t\t\t<\/div>\n\t\t\t\t<\/div>\n\t\t<div class=\"elementor-element elementor-element-2513696 e-flex e-con-boxed e-con e-parent\" data-id=\"2513696\" data-element_type=\"container\" data-core-v316-plus=\"true\">\n\t\t\t\t\t<div class=\"e-con-inner\">\n\t\t\t\t<div class=\"elementor-element elementor-element-722facf elementor-widget__width-inherit elementor-widget-mobile__width-inherit   elementor-invisible elementor-widget elementor-widget-text-editor\" data-id=\"722facf\" data-element_type=\"widget\" data-settings=\"{&quot;_animation&quot;:&quot;slideInLeft&quot;}\" data-widget_type=\"text-editor.default\">\n\t\t\t\t<div class=\"elementor-widget-container\">\n\t\t\t\t\t\t\t<p style=\"text-align: left;\">La vision de Ch\u00e2teau sur le Lac est d\u2019offrir des services personnalis\u00e9s dans un milieu de vie adapt\u00e9 aux besoins des r\u00e9sidents admis.  Dans le respect de leurs diff\u00e9rences, de leurs go\u00fbts et de leurs valeurs, Ch\u00e2teau sur le Lac met en place les conditions leur permettant de se maintenir en sant\u00e9, de conserver le plus possible leur autonomie et de se d\u00e9velopper comme personnes aux niveaux physiques, affectifs, intellectuels, sociaux et spirituels.\u00a0<\/p><ul><li style=\"text-align: left;\"><span style=\"font-size: 16px; background-color: rgba(0, 0, 0, 0); letter-spacing: -0.7px;\">assurer la mise en place des conditions n\u00e9cessaires pour lui fournir la meilleure qualit\u00e9 de vie possible et un \u00e9tat de bien-\u00eatre optimal.\u00a0<\/span><\/li><li style=\"text-align: left;\">favoriser l\u2019int\u00e9gration du r\u00e9sident, \u00e0 celle de son entourage et promouvoir l\u2019implication de son entourage \u00e0 la vie du r\u00e9sident.\u00a0<\/li><li style=\"text-align: left;\">dispenser les soins palliatifs au r\u00e9sidant et  sa famille \u00e0 partir du moment o\u00f9 il n\u2019y a plus de possibilit\u00e9s de traitements \u00e0 vis\u00e9e curative.<\/li><\/ul>\t\t\t\t\t\t<\/div>\n\t\t\t\t<\/div>\n\t\t\t\t<div class=\"elementor-element elementor-element-2fb7c32 elementor-invisible elementor-widget elementor-widget-image\" data-id=\"2fb7c32\" data-element_type=\"widget\" data-settings=\"{&quot;_animation&quot;:&quot;slideInRight&quot;}\" data-widget_type=\"image.default\">\n\t\t\t\t<div class=\"elementor-widget-container\">\n\t\t\t\t\t\t\t\t\t\t\t\t\t<img decoding=\"async\" width=\"640\" height=\"480\" src=\"https:\/\/chsld-chateausurlelac.com\/wp-content\/uploads\/2023\/07\/image4-1-1-1024x768.jpeg\" class=\"attachment-large size-large wp-image-421\" alt=\"\" srcset=\"https:\/\/chsld-chateausurlelac.com\/wp-content\/uploads\/2023\/07\/image4-1-1-1024x768.jpeg 1024w, https:\/\/chsld-chateausurlelac.com\/wp-content\/uploads\/2023\/07\/image4-1-1-300x225.jpeg 300w, https:\/\/chsld-chateausurlelac.com\/wp-content\/uploads\/2023\/07\/image4-1-1-768x576.jpeg 768w, https:\/\/chsld-chateausurlelac.com\/wp-content\/uploads\/2023\/07\/image4-1-1-1536x1152.jpeg 1536w, https:\/\/chsld-chateausurlelac.com\/wp-content\/uploads\/2023\/07\/image4-1-1-600x450.jpeg 600w, https:\/\/chsld-chateausurlelac.com\/wp-content\/uploads\/2023\/07\/image4-1-1.jpeg 2016w\" sizes=\"(max-width: 640px) 100vw, 640px\" \/>\t\t\t\t\t\t\t\t\t\t\t\t\t<\/div>\n\t\t\t\t<\/div>\n\t\t\t\t\t<\/div>\n\t\t\t\t<\/div>\n\t\t<div class=\"elementor-element elementor-element-3510f6d e-flex e-con-boxed e-con e-parent\" data-id=\"3510f6d\" data-element_type=\"container\" data-core-v316-plus=\"true\">\n\t\t\t\t\t<div class=\"e-con-inner\">\n\t\t\t\t<div class=\"elementor-element elementor-element-75ecfea elementor-widget__width-inherit elementor-widget-mobile__width-inherit   elementor-widget elementor-widget-heading\" data-id=\"75ecfea\" data-element_type=\"widget\" data-widget_type=\"heading.default\">\n\t\t\t\t<div class=\"elementor-widget-container\">\n\t\t\t<h2 class=\"elementor-heading-title elementor-size-default\">NOS VALEURS<\/h2>\t\t<\/div>\n\t\t\t\t<\/div>\n\t\t\t\t\t<\/div>\n\t\t\t\t<\/div>\n\t\t<div class=\"elementor-element elementor-element-9989b6a e-flex e-con-boxed e-con e-parent\" data-id=\"9989b6a\" data-element_type=\"container\" data-core-v316-plus=\"true\">\n\t\t\t\t\t<div class=\"e-con-inner\">\n\t\t\t\t<div class=\"elementor-element elementor-element-df2a258 elementor-invisible elementor-widget elementor-widget-image\" data-id=\"df2a258\" data-element_type=\"widget\" data-settings=\"{&quot;_animation&quot;:&quot;slideInLeft&quot;}\" data-widget_type=\"image.default\">\n\t\t\t\t<div class=\"elementor-widget-container\">\n\t\t\t\t\t\t\t\t\t\t\t\t\t<img loading=\"lazy\" decoding=\"async\" width=\"640\" height=\"428\" src=\"https:\/\/chsld-chateausurlelac.com\/wp-content\/uploads\/2023\/07\/IMG_3042-1-1024x685.jpg\" class=\"attachment-large size-large wp-image-235\" alt=\"\" srcset=\"https:\/\/chsld-chateausurlelac.com\/wp-content\/uploads\/2023\/07\/IMG_3042-1-1024x685.jpg 1024w, https:\/\/chsld-chateausurlelac.com\/wp-content\/uploads\/2023\/07\/IMG_3042-1-300x201.jpg 300w, https:\/\/chsld-chateausurlelac.com\/wp-content\/uploads\/2023\/07\/IMG_3042-1-768x514.jpg 768w, https:\/\/chsld-chateausurlelac.com\/wp-content\/uploads\/2023\/07\/IMG_3042-1-1536x1027.jpg 1536w, https:\/\/chsld-chateausurlelac.com\/wp-content\/uploads\/2023\/07\/IMG_3042-1-2048x1369.jpg 2048w, https:\/\/chsld-chateausurlelac.com\/wp-content\/uploads\/2023\/07\/IMG_3042-1-600x401.jpg 600w\" sizes=\"(max-width: 640px) 100vw, 640px\" \/>\t\t\t\t\t\t\t\t\t\t\t\t\t<\/div>\n\t\t\t\t<\/div>\n\t\t\t\t<div class=\"elementor-element elementor-element-85d93cb elementor-widget__width-inherit elementor-widget-mobile__width-inherit   elementor-invisible elementor-widget elementor-widget-text-editor\" data-id=\"85d93cb\" data-element_type=\"widget\" data-settings=\"{&quot;_animation&quot;:&quot;slideInRight&quot;}\" data-widget_type=\"text-editor.default\">\n\t\t\t\t<div class=\"elementor-widget-container\">\n\t\t\t\t\t\t\t<p style=\"text-align: left;\"><b>Nous avons aussi adopt\u00e9 un code d\u2019\u00e9thique dons nous faisons la promotion continuelle :<\/b><\/p><ul><li style=\"text-align: left;\">Respect du r\u00e9sident, qui doit se sentir aim\u00e9, \u00e9cout\u00e9 et assist\u00e9.<\/li><li style=\"text-align: left;\">Respect de l\u2019accessibilit\u00e9 des services.<\/li><li style=\"text-align: left;\">Respect de l\u2019environnement et de la qualit\u00e9 de vie.<\/li><li style=\"text-align: left;\">Respect du droit du r\u00e9sident de participer aux activit\u00e9s du milieu de vie.<\/li><li style=\"text-align: left;\">Respect des employ\u00e9s.<\/li><\/ul>\t\t\t\t\t\t<\/div>\n\t\t\t\t<\/div>\n\t\t\t\t\t<\/div>\n\t\t\t\t<\/div>\n\t\t<div class=\"elementor-element elementor-element-18900c2 e-flex e-con-boxed e-con e-parent\" data-id=\"18900c2\" data-element_type=\"container\" data-core-v316-plus=\"true\">\n\t\t\t\t\t<div class=\"e-con-inner\">\n\t\t\t\t<div class=\"elementor-element elementor-element-dee575c elementor-widget__width-inherit elementor-widget-mobile__width-inherit   elementor-widget elementor-widget-heading\" data-id=\"dee575c\" data-element_type=\"widget\" data-widget_type=\"heading.default\">\n\t\t\t\t<div class=\"elementor-widget-container\">\n\t\t\t<h2 class=\"elementor-heading-title elementor-size-default\">NOTRE PHILOSOPHIE<\/h2>\t\t<\/div>\n\t\t\t\t<\/div>\n\t\t\t\t\t<\/div>\n\t\t\t\t<\/div>\n\t\t<div class=\"elementor-element elementor-element-e72e79d e-flex e-con-boxed e-con e-parent\" data-id=\"e72e79d\" data-element_type=\"container\" data-core-v316-plus=\"true\">\n\t\t\t\t\t<div class=\"e-con-inner\">\n\t\t\t\t<div class=\"elementor-element elementor-element-2a10def elementor-widget__width-inherit elementor-widget-mobile__width-inherit   elementor-invisible elementor-widget elementor-widget-text-editor\" data-id=\"2a10def\" data-element_type=\"widget\" data-settings=\"{&quot;_animation&quot;:&quot;slideInLeft&quot;}\" data-widget_type=\"text-editor.default\">\n\t\t\t\t<div class=\"elementor-widget-container\">\n\t\t\t\t\t\t\t<p style=\"text-align: left;\"><b>L\u2019ensemble de valeurs partag\u00e9es par tous :<\/b><\/p><p style=\"text-align: left;\">Am\u00e9liorer de fa\u00e7on continue la qualit\u00e9 du milieu de vie des r\u00e9sidents, et les services et soins qui leurs sont dispens\u00e9s.<\/p><p style=\"text-align: left;\"><b>Pour y arriver, nous investissons dans la promotion de :<\/b><\/p><ul><li style=\"text-align: left;\">La gestion participative et responsabilisante.<\/li><li style=\"text-align: left;\">Le d\u00e9veloppement de la comp\u00e9tence.<\/li><li style=\"text-align: left;\">La reconnaissance du personnel.<\/li><li style=\"text-align: left;\">La cr\u00e9ativit\u00e9 et prise de d\u00e9cision pr\u00e8s de l\u2019action.<\/li><li style=\"text-align: left;\">La transparence et la qualit\u00e9 des communications.<\/li><\/ul>\t\t\t\t\t\t<\/div>\n\t\t\t\t<\/div>\n\t\t\t\t<div class=\"elementor-element elementor-element-b270ae9 elementor-invisible elementor-widget elementor-widget-image\" data-id=\"b270ae9\" data-element_type=\"widget\" data-settings=\"{&quot;_animation&quot;:&quot;slideInRight&quot;}\" data-widget_type=\"image.default\">\n\t\t\t\t<div class=\"elementor-widget-container\">\n\t\t\t\t\t\t\t\t\t\t\t\t\t<img loading=\"lazy\" decoding=\"async\" width=\"640\" height=\"480\" src=\"https:\/\/chsld-chateausurlelac.com\/wp-content\/uploads\/2023\/07\/image5-1-1-768x576.jpeg\" class=\"attachment-medium_large size-medium_large wp-image-422\" alt=\"\" srcset=\"https:\/\/chsld-chateausurlelac.com\/wp-content\/uploads\/2023\/07\/image5-1-1-768x576.jpeg 768w, https:\/\/chsld-chateausurlelac.com\/wp-content\/uploads\/2023\/07\/image5-1-1-300x225.jpeg 300w, https:\/\/chsld-chateausurlelac.com\/wp-content\/uploads\/2023\/07\/image5-1-1-1024x768.jpeg 1024w, https:\/\/chsld-chateausurlelac.com\/wp-content\/uploads\/2023\/07\/image5-1-1-1536x1152.jpeg 1536w, https:\/\/chsld-chateausurlelac.com\/wp-content\/uploads\/2023\/07\/image5-1-1-600x450.jpeg 600w, https:\/\/chsld-chateausurlelac.com\/wp-content\/uploads\/2023\/07\/image5-1-1.jpeg 2016w\" sizes=\"(max-width: 640px) 100vw, 640px\" \/>\t\t\t\t\t\t\t\t\t\t\t\t\t<\/div>\n\t\t\t\t<\/div>\n\t\t\t\t\t<\/div>\n\t\t\t\t<\/div>\n\t\t\t\t<\/div>","protected":false},"excerpt":{"rendered":"<p>OUR MISSION Chateau sur le Lac is a long-term care facility. It provides care and services in French and English to residents with a geriatric profile or affected by age-related problems, whether physical or cognitive. The care and services are in line with departmental guidelines concerning a &#8220;quality living environment for people living in CHSLDs&#8220;. [&hellip;]<\/p>","protected":false},"author":0,"featured_media":0,"parent":0,"menu_order":0,"comment_status":"closed","ping_status":"draft","template":"elementor_header_footer","meta":{"inline_featured_image":false,"two_page_speed":[],"footnotes":""},"class_list":["post-198","page","type-page","status-publish","hentry"],"_links":{"self":[{"href":"https:\/\/chsld-chateausurlelac.com\/fr\/wp-json\/wp\/v2\/pages\/198","targetHints":{"allow":["GET"]}}],"collection":[{"href":"https:\/\/chsld-chateausurlelac.com\/fr\/wp-json\/wp\/v2\/pages"}],"about":[{"href":"https:\/\/chsld-chateausurlelac.com\/fr\/wp-json\/wp\/v2\/types\/page"}],"replies":[{"embeddable":true,"href":"https:\/\/chsld-chateausurlelac.com\/fr\/wp-json\/wp\/v2\/comments?post=198"}],"version-history":[{"count":0,"href":"https:\/\/chsld-chateausurlelac.com\/fr\/wp-json\/wp\/v2\/pages\/198\/revisions"}],"wp:attachment":[{"href":"https:\/\/chsld-chateausurlelac.com\/fr\/wp-json\/wp\/v2\/media?parent=198"}],"curies":[{"name":"wp","href":"https:\/\/api.w.org\/{rel}","templated":true}]}}